{"id":16,"date":"2014-03-20T08:40:40","date_gmt":"2014-03-20T08:40:40","guid":{"rendered":"https:\/\/www.imaq.fr\/blog\/?page_id=16"},"modified":"2023-07-11T13:39:36","modified_gmt":"2023-07-11T13:39:36","slug":"qui-sommes-nous","status":"publish","type":"page","link":"https:\/\/www.imaq.fr\/blog\/qui-sommes-nous\/","title":{"rendered":"Qui sommes-nous ?"},"content":{"rendered":"\n<figure class=\"wp-block-image size-large\"><a href=\"https:\/\/www.imaq.fr\/blog\/wp-content\/uploads\/2018\/04\/logo-imaqchdA-6a.png\"><img loading=\"lazy\" decoding=\"async\" width=\"1024\" height=\"380\" src=\"https:\/\/www.imaq.fr\/blog\/wp-content\/uploads\/2018\/04\/logo-imaqchdA-6a-1024x380.png\" alt=\"IMAQ \/ Humanisme et Culture d'Aquitaine\" class=\"wp-image-1141 colorbox-16\" srcset=\"https:\/\/www.imaq.fr\/blog\/wp-content\/uploads\/2018\/04\/logo-imaqchdA-6a-1024x380.png 1024w, https:\/\/www.imaq.fr\/blog\/wp-content\/uploads\/2018\/04\/logo-imaqchdA-6a-300x111.png 300w, https:\/\/www.imaq.fr\/blog\/wp-content\/uploads\/2018\/04\/logo-imaqchdA-6a-768x285.png 768w, https:\/\/www.imaq.fr\/blog\/wp-content\/uploads\/2018\/04\/logo-imaqchdA-6a-624x232.png 624w, https:\/\/www.imaq.fr\/blog\/wp-content\/uploads\/2018\/04\/logo-imaqchdA-6a.png 1654w\" sizes=\"auto, (max-width: 1024px) 100vw, 1024px\" \/><\/a><\/figure>\n\n\n\n<p>L\u2019association \u00ab Im&rsquo;AQ \/ Humanisme et Culture d\u2019Aquitaine \u00bb est une association loi 1901 (R.N.A. W332010766) d\u00e9clar\u00e9e \u00e0 la Pr\u00e9fecture de la Gironde le 8 juillet 2010 (publication au Journal Officiel associations n\u00b00029 du 17 juillet 2010, page 3459) et modifi\u00e9e le 19 juin 2017 (publication au Journal Officiel Associations n\u00b00026 du 1 juillet 2017).<\/p>\n\n\n\n<p>Ouverte \u00e0 tous, l\u2019association a pour objectif de donner une plus grande visibilit\u00e9 sur la vitalit\u00e9 culturelle de la franc-ma\u00e7onnerie lib\u00e9rale fran\u00e7aise plus particuli\u00e8rement en R\u00e9gion Nouvelle Aquitaine.<\/p>\n\n\n\n<p>Elle regroupe en son sein des sections qui s\u2019organisent librement dans le respect des valeurs humanistes qu\u2019elle d\u00e9fend.<\/p>\n\n\n\n<p>La Biennale Culturelle Ma\u00e7onnique de Bordeaux constitue l\u2019une d\u2019elles depuis 2012 et propose \u00e0 tous publics une grande manifestation culturelle autour de conf\u00e9rences-d\u00e9bats, expositions et livres.<\/p>\n","protected":false},"excerpt":{"rendered":"<p>L\u2019association \u00ab Im&rsquo;AQ \/ Humanisme et Culture d\u2019Aquitaine \u00bb est une association loi 1901 (R.N.A. W332010766) d\u00e9clar\u00e9e \u00e0 la Pr\u00e9fecture de la Gironde le 8 juillet 2010 (publication au Journal Officiel associations n\u00b00029 du 17 juillet 2010, page 3459) et modifi\u00e9e le 19 juin 2017 (publication au Journal Officiel Associations n\u00b00026 du 1 juillet 2017). [&hellip;]<\/p>\n","protected":false},"author":1,"featured_media":0,"parent":0,"menu_order":0,"comment_status":"closed","ping_status":"open","template":"","meta":{"_editorskit_title_hidden":false,"_editorskit_reading_time":0,"_editorskit_is_block_options_detached":false,"_editorskit_block_options_position":"{}","footnotes":""},"class_list":["post-16","page","type-page","status-publish","hentry"],"yoast_head":"<!-- This site is optimized with the Yoast SEO plugin v27.6 - https:\/\/yoast.com\/product\/yoast-seo-wordpress\/ -->\n<title>Qui sommes-nous ? - Biennale Culturelle Ma\u00e7onnique de Bordeaux<\/title>\n<meta name=\"robots\" content=\"index, follow, max-snippet:-1, max-image-preview:large, max-video-preview:-1\" \/>\n<link rel=\"canonical\" href=\"https:\/\/www.imaq.fr\/blog\/qui-sommes-nous\/\" \/>\n<meta property=\"og:locale\" content=\"fr_FR\" \/>\n<meta property=\"og:type\" content=\"article\" \/>\n<meta property=\"og:title\" content=\"Qui sommes-nous ? - Biennale Culturelle Ma\u00e7onnique de Bordeaux\" \/>\n<meta property=\"og:description\" content=\"L\u2019association \u00ab Im&rsquo;AQ \/ Humanisme et Culture d\u2019Aquitaine \u00bb est une association loi 1901 (R.N.A. W332010766) d\u00e9clar\u00e9e \u00e0 la Pr\u00e9fecture de la Gironde le 8 juillet 2010 (publication au Journal Officiel associations n\u00b00029 du 17 juillet 2010, page 3459) et modifi\u00e9e le 19 juin 2017 (publication au Journal Officiel Associations n\u00b00026 du 1 juillet 2017). [&hellip;]\" \/>\n<meta property=\"og:url\" content=\"https:\/\/www.imaq.fr\/blog\/qui-sommes-nous\/\" \/>\n<meta property=\"og:site_name\" content=\"Biennale Culturelle Ma\u00e7onnique de Bordeaux\" \/>\n<meta property=\"article:publisher\" content=\"https:\/\/www.facebook.com\/biennaleculturellemaconnique.bordeaux\" \/>\n<meta property=\"article:modified_time\" content=\"2023-07-11T13:39:36+00:00\" \/>\n<meta property=\"og:image\" content=\"https:\/\/www.imaq.fr\/blog\/wp-content\/uploads\/2018\/04\/logo-imaqchdA-6a.png\" \/>\n\t<meta property=\"og:image:width\" content=\"1654\" \/>\n\t<meta property=\"og:image:height\" content=\"614\" \/>\n\t<meta property=\"og:image:type\" content=\"image\/png\" \/>\n<meta name=\"twitter:card\" content=\"summary_large_image\" \/>\n<meta name=\"twitter:label1\" content=\"Dur\u00e9e de lecture estim\u00e9e\" \/>\n\t<meta name=\"twitter:data1\" content=\"1 minute\" \/>\n<script type=\"application\/ld+json\" class=\"yoast-schema-graph\">{\"@context\":\"https:\\\/\\\/schema.org\",\"@graph\":[{\"@type\":\"WebPage\",\"@id\":\"https:\\\/\\\/www.imaq.fr\\\/blog\\\/qui-sommes-nous\\\/\",\"url\":\"https:\\\/\\\/www.imaq.fr\\\/blog\\\/qui-sommes-nous\\\/\",\"name\":\"Qui sommes-nous ? - Biennale Culturelle Ma\u00e7onnique de Bordeaux\",\"isPartOf\":{\"@id\":\"https:\\\/\\\/www.imaq.fr\\\/blog\\\/#website\"},\"primaryImageOfPage\":{\"@id\":\"https:\\\/\\\/www.imaq.fr\\\/blog\\\/qui-sommes-nous\\\/#primaryimage\"},\"image\":{\"@id\":\"https:\\\/\\\/www.imaq.fr\\\/blog\\\/qui-sommes-nous\\\/#primaryimage\"},\"thumbnailUrl\":\"https:\\\/\\\/www.imaq.fr\\\/blog\\\/wp-content\\\/uploads\\\/2018\\\/04\\\/logo-imaqchdA-6a-1024x380.png\",\"datePublished\":\"2014-03-20T08:40:40+00:00\",\"dateModified\":\"2023-07-11T13:39:36+00:00\",\"breadcrumb\":{\"@id\":\"https:\\\/\\\/www.imaq.fr\\\/blog\\\/qui-sommes-nous\\\/#breadcrumb\"},\"inLanguage\":\"fr-FR\",\"potentialAction\":[{\"@type\":\"ReadAction\",\"target\":[\"https:\\\/\\\/www.imaq.fr\\\/blog\\\/qui-sommes-nous\\\/\"]}]},{\"@type\":\"ImageObject\",\"inLanguage\":\"fr-FR\",\"@id\":\"https:\\\/\\\/www.imaq.fr\\\/blog\\\/qui-sommes-nous\\\/#primaryimage\",\"url\":\"https:\\\/\\\/www.imaq.fr\\\/blog\\\/wp-content\\\/uploads\\\/2018\\\/04\\\/logo-imaqchdA-6a.png\",\"contentUrl\":\"https:\\\/\\\/www.imaq.fr\\\/blog\\\/wp-content\\\/uploads\\\/2018\\\/04\\\/logo-imaqchdA-6a.png\",\"width\":1654,\"height\":614,\"caption\":\"IMAQ \\\/ Humanisme et Culture d'Aquitaine\"},{\"@type\":\"BreadcrumbList\",\"@id\":\"https:\\\/\\\/www.imaq.fr\\\/blog\\\/qui-sommes-nous\\\/#breadcrumb\",\"itemListElement\":[{\"@type\":\"ListItem\",\"position\":1,\"name\":\"Accueil\",\"item\":\"https:\\\/\\\/www.imaq.fr\\\/blog\\\/\"},{\"@type\":\"ListItem\",\"position\":2,\"name\":\"Qui sommes-nous ?\"}]},{\"@type\":\"WebSite\",\"@id\":\"https:\\\/\\\/www.imaq.fr\\\/blog\\\/#website\",\"url\":\"https:\\\/\\\/www.imaq.fr\\\/blog\\\/\",\"name\":\"Biennale Culturelle Ma\u00e7onnique de Bordeaux\",\"description\":\"IMAQ\",\"publisher\":{\"@id\":\"https:\\\/\\\/www.imaq.fr\\\/blog\\\/#organization\"},\"potentialAction\":[{\"@type\":\"SearchAction\",\"target\":{\"@type\":\"EntryPoint\",\"urlTemplate\":\"https:\\\/\\\/www.imaq.fr\\\/blog\\\/?s={search_term_string}\"},\"query-input\":{\"@type\":\"PropertyValueSpecification\",\"valueRequired\":true,\"valueName\":\"search_term_string\"}}],\"inLanguage\":\"fr-FR\"},{\"@type\":\"Organization\",\"@id\":\"https:\\\/\\\/www.imaq.fr\\\/blog\\\/#organization\",\"name\":\"Biennale Culturelle Ma\u00e7onnique de Bordeaux\",\"url\":\"https:\\\/\\\/www.imaq.fr\\\/blog\\\/\",\"logo\":{\"@type\":\"ImageObject\",\"inLanguage\":\"fr-FR\",\"@id\":\"https:\\\/\\\/www.imaq.fr\\\/blog\\\/#\\\/schema\\\/logo\\\/image\\\/\",\"url\":\"https:\\\/\\\/www.imaq.fr\\\/blog\\\/wp-content\\\/uploads\\\/2014\\\/12\\\/logo-bcmc.jpg\",\"contentUrl\":\"https:\\\/\\\/www.imaq.fr\\\/blog\\\/wp-content\\\/uploads\\\/2014\\\/12\\\/logo-bcmc.jpg\",\"width\":759,\"height\":784,\"caption\":\"Biennale Culturelle Ma\u00e7onnique de Bordeaux\"},\"image\":{\"@id\":\"https:\\\/\\\/www.imaq.fr\\\/blog\\\/#\\\/schema\\\/logo\\\/image\\\/\"},\"sameAs\":[\"https:\\\/\\\/www.facebook.com\\\/biennaleculturellemaconnique.bordeaux\"]}]}<\/script>\n<!-- \/ Yoast SEO plugin. -->","yoast_head_json":{"title":"Qui sommes-nous ? - Biennale Culturelle Ma\u00e7onnique de Bordeaux","robots":{"index":"index","follow":"follow","max-snippet":"max-snippet:-1","max-image-preview":"max-image-preview:large","max-video-preview":"max-video-preview:-1"},"canonical":"https:\/\/www.imaq.fr\/blog\/qui-sommes-nous\/","og_locale":"fr_FR","og_type":"article","og_title":"Qui sommes-nous ? - Biennale Culturelle Ma\u00e7onnique de Bordeaux","og_description":"L\u2019association \u00ab Im&rsquo;AQ \/ Humanisme et Culture d\u2019Aquitaine \u00bb est une association loi 1901 (R.N.A. W332010766) d\u00e9clar\u00e9e \u00e0 la Pr\u00e9fecture de la Gironde le 8 juillet 2010 (publication au Journal Officiel associations n\u00b00029 du 17 juillet 2010, page 3459) et modifi\u00e9e le 19 juin 2017 (publication au Journal Officiel Associations n\u00b00026 du 1 juillet 2017). [&hellip;]","og_url":"https:\/\/www.imaq.fr\/blog\/qui-sommes-nous\/","og_site_name":"Biennale Culturelle Ma\u00e7onnique de Bordeaux","article_publisher":"https:\/\/www.facebook.com\/biennaleculturellemaconnique.bordeaux","article_modified_time":"2023-07-11T13:39:36+00:00","og_image":[{"width":1654,"height":614,"url":"https:\/\/www.imaq.fr\/blog\/wp-content\/uploads\/2018\/04\/logo-imaqchdA-6a.png","type":"image\/png"}],"twitter_card":"summary_large_image","twitter_misc":{"Dur\u00e9e de lecture estim\u00e9e":"1 minute"},"schema":{"@context":"https:\/\/schema.org","@graph":[{"@type":"WebPage","@id":"https:\/\/www.imaq.fr\/blog\/qui-sommes-nous\/","url":"https:\/\/www.imaq.fr\/blog\/qui-sommes-nous\/","name":"Qui sommes-nous ? - Biennale Culturelle Ma\u00e7onnique de Bordeaux","isPartOf":{"@id":"https:\/\/www.imaq.fr\/blog\/#website"},"primaryImageOfPage":{"@id":"https:\/\/www.imaq.fr\/blog\/qui-sommes-nous\/#primaryimage"},"image":{"@id":"https:\/\/www.imaq.fr\/blog\/qui-sommes-nous\/#primaryimage"},"thumbnailUrl":"https:\/\/www.imaq.fr\/blog\/wp-content\/uploads\/2018\/04\/logo-imaqchdA-6a-1024x380.png","datePublished":"2014-03-20T08:40:40+00:00","dateModified":"2023-07-11T13:39:36+00:00","breadcrumb":{"@id":"https:\/\/www.imaq.fr\/blog\/qui-sommes-nous\/#breadcrumb"},"inLanguage":"fr-FR","potentialAction":[{"@type":"ReadAction","target":["https:\/\/www.imaq.fr\/blog\/qui-sommes-nous\/"]}]},{"@type":"ImageObject","inLanguage":"fr-FR","@id":"https:\/\/www.imaq.fr\/blog\/qui-sommes-nous\/#primaryimage","url":"https:\/\/www.imaq.fr\/blog\/wp-content\/uploads\/2018\/04\/logo-imaqchdA-6a.png","contentUrl":"https:\/\/www.imaq.fr\/blog\/wp-content\/uploads\/2018\/04\/logo-imaqchdA-6a.png","width":1654,"height":614,"caption":"IMAQ \/ Humanisme et Culture d'Aquitaine"},{"@type":"BreadcrumbList","@id":"https:\/\/www.imaq.fr\/blog\/qui-sommes-nous\/#breadcrumb","itemListElement":[{"@type":"ListItem","position":1,"name":"Accueil","item":"https:\/\/www.imaq.fr\/blog\/"},{"@type":"ListItem","position":2,"name":"Qui sommes-nous ?"}]},{"@type":"WebSite","@id":"https:\/\/www.imaq.fr\/blog\/#website","url":"https:\/\/www.imaq.fr\/blog\/","name":"Biennale Culturelle Ma\u00e7onnique de Bordeaux","description":"IMAQ","publisher":{"@id":"https:\/\/www.imaq.fr\/blog\/#organization"},"potentialAction":[{"@type":"SearchAction","target":{"@type":"EntryPoint","urlTemplate":"https:\/\/www.imaq.fr\/blog\/?s={search_term_string}"},"query-input":{"@type":"PropertyValueSpecification","valueRequired":true,"valueName":"search_term_string"}}],"inLanguage":"fr-FR"},{"@type":"Organization","@id":"https:\/\/www.imaq.fr\/blog\/#organization","name":"Biennale Culturelle Ma\u00e7onnique de Bordeaux","url":"https:\/\/www.imaq.fr\/blog\/","logo":{"@type":"ImageObject","inLanguage":"fr-FR","@id":"https:\/\/www.imaq.fr\/blog\/#\/schema\/logo\/image\/","url":"https:\/\/www.imaq.fr\/blog\/wp-content\/uploads\/2014\/12\/logo-bcmc.jpg","contentUrl":"https:\/\/www.imaq.fr\/blog\/wp-content\/uploads\/2014\/12\/logo-bcmc.jpg","width":759,"height":784,"caption":"Biennale Culturelle Ma\u00e7onnique de Bordeaux"},"image":{"@id":"https:\/\/www.imaq.fr\/blog\/#\/schema\/logo\/image\/"},"sameAs":["https:\/\/www.facebook.com\/biennaleculturellemaconnique.bordeaux"]}]}},"_links":{"self":[{"href":"https:\/\/www.imaq.fr\/blog\/wp-json\/wp\/v2\/pages\/16","targetHints":{"allow":["GET"]}}],"collection":[{"href":"https:\/\/www.imaq.fr\/blog\/wp-json\/wp\/v2\/pages"}],"about":[{"href":"https:\/\/www.imaq.fr\/blog\/wp-json\/wp\/v2\/types\/page"}],"author":[{"embeddable":true,"href":"https:\/\/www.imaq.fr\/blog\/wp-json\/wp\/v2\/users\/1"}],"replies":[{"embeddable":true,"href":"https:\/\/www.imaq.fr\/blog\/wp-json\/wp\/v2\/comments?post=16"}],"version-history":[{"count":0,"href":"https:\/\/www.imaq.fr\/blog\/wp-json\/wp\/v2\/pages\/16\/revisions"}],"wp:attachment":[{"href":"https:\/\/www.imaq.fr\/blog\/wp-json\/wp\/v2\/media?parent=16"}],"curies":[{"name":"wp","href":"https:\/\/api.w.org\/{rel}","templated":true}]}}